{"id":6201,"date":"2024-07-28T18:19:33","date_gmt":"2024-07-28T18:19:33","guid":{"rendered":"https:\/\/intranet.learningate.cl\/cursos\/?page_id=6201"},"modified":"2024-08-06T13:36:15","modified_gmt":"2024-08-06T17:36:15","slug":"solicitud-de-curso","status":"publish","type":"page","link":"https:\/\/intranet.learningate.cl\/cursos\/solicitud-de-curso\/","title":{"rendered":"Solicitud de Curso"},"content":{"rendered":"\t\t<div data-elementor-type=\"wp-page\" data-elementor-id=\"6201\" class=\"elementor elementor-6201\" data-elementor-post-type=\"page\">\n\t\t\t\t<div class=\"elementor-element elementor-element-515a20e e-flex e-con-boxed e-con e-parent\" data-id=\"515a20e\" data-element_type=\"container\">\n\t\t\t\t\t<div class=\"e-con-inner\">\n\t\t\t\t<div class=\"elementor-element elementor-element-36765bc elementor-widget elementor-widget-spacer\" data-id=\"36765bc\" data-element_type=\"widget\" data-widget_type=\"spacer.default\">\n\t\t\t\t<div class=\"elementor-widget-container\">\n\t\t\t\t\t\t\t<div class=\"elementor-spacer\">\n\t\t\t<div class=\"elementor-spacer-inner\"><\/div>\n\t\t<\/div>\n\t\t\t\t\t\t<\/div>\n\t\t\t\t<\/div>\n\t\t\t\t\t<\/div>\n\t\t\t\t<\/div>\n\t\t<div class=\"elementor-element elementor-element-04a2e8f e-flex e-con-boxed e-con e-parent\" data-id=\"04a2e8f\" data-element_type=\"container\">\n\t\t\t\t\t<div class=\"e-con-inner\">\n\t\t\t\t<div class=\"elementor-element elementor-element-edbfb22 elementor-widget__width-initial elementor-widget elementor-widget-wpforms\" data-id=\"edbfb22\" data-element_type=\"widget\" data-widget_type=\"wpforms.default\">\n\t\t\t\t<div class=\"elementor-widget-container\">\n\t\t\t\t\t<style id=\"wpforms-css-vars-elementor-widget-edbfb22\">\n\t\t\t\t.elementor-widget-wpforms.elementor-element-edbfb22 {\n\t\t\t\t--wpforms-field-size-input-height: 43px;\n--wpforms-field-size-input-spacing: 15px;\n--wpforms-field-size-font-size: 16px;\n--wpforms-field-size-line-height: 19px;\n--wpforms-field-size-padding-h: 14px;\n--wpforms-field-size-checkbox-size: 16px;\n--wpforms-field-size-sublabel-spacing: 5px;\n--wpforms-field-size-icon-size: 1;\n--wpforms-label-size-font-size: 16px;\n--wpforms-label-size-line-height: 19px;\n--wpforms-label-size-sublabel-font-size: 14px;\n--wpforms-label-size-sublabel-line-height: 17px;\n--wpforms-button-size-font-size: 17px;\n--wpforms-button-size-height: 41px;\n--wpforms-button-size-padding-h: 15px;\n--wpforms-button-size-margin-top: 10px;\n\n\t\t\t}\n\t\t\t<\/style><div class=\"wpforms-container wpforms-container-full wpforms-render-modern\" id=\"wpforms-6325\"><form id=\"wpforms-form-6325\" class=\"wpforms-validate wpforms-form wpforms-ajax-form\" data-formid=\"6325\" method=\"post\" enctype=\"multipart\/form-data\" action=\"\/cursos\/wp-json\/wp\/v2\/pages\/6201\" data-token=\"8bf5942c7e6c94fce9f9113d724c5b62\" data-token-time=\"1776605865\"><noscript class=\"wpforms-error-noscript\">Por favor, activa JavaScript en tu navegador para completar este formulario.<\/noscript><div class=\"wpforms-hidden\" id=\"wpforms-error-noscript\">Por favor, activa JavaScript en tu navegador para completar este formulario.<\/div><div class=\"wpforms-field-container\"><div id=\"wpforms-6325-field_0-container\" class=\"wpforms-field wpforms-field-name\" data-field-id=\"0\"><fieldset><legend class=\"wpforms-field-label\">Nombre <span class=\"wpforms-required-label\" aria-hidden=\"true\">*<\/span><\/legend><div class=\"wpforms-field-row wpforms-field-medium\"><div class=\"wpforms-field-row-block wpforms-first wpforms-one-half\"><input type=\"text\" id=\"wpforms-6325-field_0\" class=\"wpforms-field-name-first wpforms-field-required\" name=\"wpforms[fields][0][first]\" aria-errormessage=\"wpforms-6325-field_0-error\" required><label for=\"wpforms-6325-field_0\" class=\"wpforms-field-sublabel after\">Nombre<\/label><\/div><div class=\"wpforms-field-row-block wpforms-one-half\"><input type=\"text\" id=\"wpforms-6325-field_0-last\" class=\"wpforms-field-name-last wpforms-field-required\" name=\"wpforms[fields][0][last]\" aria-errormessage=\"wpforms-6325-field_0-last-error\" required><label for=\"wpforms-6325-field_0-last\" class=\"wpforms-field-sublabel after\">Apellidos<\/label><\/div><\/div><\/fieldset><\/div><div id=\"wpforms-6325-field_3-container\" class=\"wpforms-field wpforms-field-text\" data-field-id=\"3\"><label class=\"wpforms-field-label\" for=\"wpforms-6325-field_3\">RUT <span class=\"wpforms-required-label\" aria-hidden=\"true\">*<\/span><\/label><input type=\"text\" id=\"wpforms-6325-field_3\" class=\"wpforms-field-medium wpforms-field-required\" name=\"wpforms[fields][3]\" aria-errormessage=\"wpforms-6325-field_3-error\" aria-describedby=\"wpforms-6325-field_3-description\" required><div id=\"wpforms-6325-field_3-description\" class=\"wpforms-field-description\">Ingrese su RUT sin puntos, con guion y d\u00edgito verificador, ej: 19123456-9<\/div><\/div><div id=\"wpforms-6325-field_4-container\" class=\"wpforms-field wpforms-field-text\" data-field-id=\"4\"><label class=\"wpforms-field-label\" for=\"wpforms-6325-field_4\">Cargo <span class=\"wpforms-required-label\" aria-hidden=\"true\">*<\/span><\/label><input type=\"text\" id=\"wpforms-6325-field_4\" class=\"wpforms-field-medium wpforms-field-required\" name=\"wpforms[fields][4]\" aria-errormessage=\"wpforms-6325-field_4-error\" required><\/div><div id=\"wpforms-6325-field_1-container\" class=\"wpforms-field wpforms-field-email\" data-field-id=\"1\"><label class=\"wpforms-field-label\" for=\"wpforms-6325-field_1\">Correo electr\u00f3nico <span class=\"wpforms-required-label\" aria-hidden=\"true\">*<\/span><\/label><input type=\"email\" id=\"wpforms-6325-field_1\" class=\"wpforms-field-medium wpforms-field-required\" name=\"wpforms[fields][1]\" spellcheck=\"false\" aria-errormessage=\"wpforms-6325-field_1-error\" required><\/div><div id=\"wpforms-6325-field_5-container\" class=\"wpforms-field wpforms-field-checkbox\" data-field-id=\"5\"><fieldset><legend class=\"wpforms-field-label\">Seleccione el curso en el que desea matricularse <span class=\"wpforms-required-label\" aria-hidden=\"true\">*<\/span><\/legend><ul id=\"wpforms-6325-field_5\" class=\"wpforms-field-required\"><li class=\"choice-1 depth-1\"><input type=\"checkbox\" id=\"wpforms-6325-field_5_1\" name=\"wpforms[fields][5][]\" value=\"Primera opci\u00f3n\" aria-errormessage=\"wpforms-6325-field_5_1-error\" required ><label class=\"wpforms-field-label-inline\" for=\"wpforms-6325-field_5_1\">Primera opci\u00f3n<\/label><\/li><li class=\"choice-2 depth-1\"><input type=\"checkbox\" id=\"wpforms-6325-field_5_2\" name=\"wpforms[fields][5][]\" value=\"Segunda opci\u00f3n\" aria-errormessage=\"wpforms-6325-field_5_2-error\" required ><label class=\"wpforms-field-label-inline\" for=\"wpforms-6325-field_5_2\">Segunda opci\u00f3n<\/label><\/li><li class=\"choice-3 depth-1\"><input type=\"checkbox\" id=\"wpforms-6325-field_5_3\" name=\"wpforms[fields][5][]\" value=\"Tercera opci\u00f3n\" aria-errormessage=\"wpforms-6325-field_5_3-error\" required ><label class=\"wpforms-field-label-inline\" for=\"wpforms-6325-field_5_3\">Tercera opci\u00f3n<\/label><\/li><\/ul><\/fieldset><\/div><\/div><!-- .wpforms-field-container --><div class=\"wpforms-submit-container\" ><input type=\"hidden\" name=\"wpforms[id]\" value=\"6325\"><input type=\"hidden\" name=\"page_title\" value=\"\"><input type=\"hidden\" name=\"page_url\" value=\"https:\/\/intranet.learningate.cl\/cursos\/wp-json\/wp\/v2\/pages\/6201\"><input type=\"hidden\" name=\"url_referer\" value=\"\"><button type=\"submit\" name=\"wpforms[submit]\" id=\"wpforms-submit-6325\" class=\"wpforms-submit\" data-alt-text=\"Enviando...\" data-submit-text=\"Enviar\" aria-live=\"assertive\" value=\"wpforms-submit\">Enviar<\/button><img decoding=\"async\" src=\"https:\/\/intranet.learningate.cl\/cursos\/wp-content\/plugins\/wpforms-lite\/assets\/images\/submit-spin.svg\" class=\"wpforms-submit-spinner\" style=\"display: none;\" width=\"26\" height=\"26\" alt=\"Cargando\"><\/div><\/form><\/div>  <!-- .wpforms-container -->\t\t\t\t<\/div>\n\t\t\t\t<\/div>\n\t\t\t\t\t<\/div>\n\t\t\t\t<\/div>\n\t\t<div class=\"elementor-element elementor-element-74cd2d5 e-flex e-con-boxed e-con e-parent\" data-id=\"74cd2d5\" data-element_type=\"container\">\n\t\t\t\t\t<div class=\"e-con-inner\">\n\t\t\t\t<div class=\"elementor-element elementor-element-18a7989 elementor-widget elementor-widget-spacer\" data-id=\"18a7989\" data-element_type=\"widget\" data-widget_type=\"spacer.default\">\n\t\t\t\t<div class=\"elementor-widget-container\">\n\t\t\t\t\t\t\t<div class=\"elementor-spacer\">\n\t\t\t<div class=\"elementor-spacer-inner\"><\/div>\n\t\t<\/div>\n\t\t\t\t\t\t<\/div>\n\t\t\t\t<\/div>\n\t\t\t\t\t<\/div>\n\t\t\t\t<\/div>\n\t\t\t\t<\/div>\n\t\t","protected":false},"excerpt":{"rendered":"<p>Por favor, activa JavaScript en tu navegador para completar este formulario.Por favor, activa JavaScript en tu navegador para completar este formulario. Nombre * NombreApellidos RUT *Ingrese su RUT sin puntos, con guion y d\u00edgito verificador, ej: 19123456-9Cargo *Correo electr\u00f3nico * Seleccione el curso en el que desea matricularse * Primera opci\u00f3n Segunda opci\u00f3n Tercera opci\u00f3n&hellip;<\/p>\n","protected":false},"author":1,"featured_media":0,"parent":0,"menu_order":0,"comment_status":"closed","ping_status":"closed","template":"","meta":{"footnotes":""},"class_list":["post-6201","page","type-page","status-publish","hentry"],"_links":{"self":[{"href":"https:\/\/intranet.learningate.cl\/cursos\/wp-json\/wp\/v2\/pages\/6201","targetHints":{"allow":["GET"]}}],"collection":[{"href":"https:\/\/intranet.learningate.cl\/cursos\/wp-json\/wp\/v2\/pages"}],"about":[{"href":"https:\/\/intranet.learningate.cl\/cursos\/wp-json\/wp\/v2\/types\/page"}],"author":[{"embeddable":true,"href":"https:\/\/intranet.learningate.cl\/cursos\/wp-json\/wp\/v2\/users\/1"}],"replies":[{"embeddable":true,"href":"https:\/\/intranet.learningate.cl\/cursos\/wp-json\/wp\/v2\/comments?post=6201"}],"version-history":[{"count":7,"href":"https:\/\/intranet.learningate.cl\/cursos\/wp-json\/wp\/v2\/pages\/6201\/revisions"}],"predecessor-version":[{"id":6333,"href":"https:\/\/intranet.learningate.cl\/cursos\/wp-json\/wp\/v2\/pages\/6201\/revisions\/6333"}],"wp:attachment":[{"href":"https:\/\/intranet.learningate.cl\/cursos\/wp-json\/wp\/v2\/media?parent=6201"}],"curies":[{"name":"wp","href":"https:\/\/api.w.org\/{rel}","templated":true}]}}